{"id":883,"date":"2017-10-16T15:21:46","date_gmt":"2017-10-16T13:21:46","guid":{"rendered":"http:\/\/sag.art.uniroma2.it\/clic2017\/?page_id=883"},"modified":"2017-11-30T12:19:49","modified_gmt":"2017-11-30T11:19:49","slug":"detailed-program","status":"publish","type":"page","link":"http:\/\/sag.art.uniroma2.it\/clic2017\/en\/conference-program\/detailed-program\/","title":{"rendered":"Detailed Program"},"content":{"rendered":"<h3><strong><a class=\"wpsal-anchor\" name=\"oral_1\" id=\"oral_1\"><\/a><\/strong><\/h3>\n<h4><span style=\"color: #963030;\"><strong>Technical Session I: Oral presentations (Dec, 11\u00a0 \u00a0<time class=\"timeslot-start\" datetime=\"14:00\">14:00<\/time>\u00a0<span class=\"timeslot-delimiter\">&#8211;\u00a0<\/span><time class=\"timeslot-end\" datetime=\"15:00\">15:00)<\/time><\/strong><\/span><\/h4>\n<p><strong>The impact of phrases on Italian lexical simplification<\/strong><br \/>\nSara Tonelli, Alessio Palmero Aprosio and Marco Mazzon<\/p>\n<p><strong>Deep-learning the Ropes: Modeling Idiomaticity with Neural Networks<\/strong><br \/>\nYuri Bizzoni, Marco S.G. Senaldi and Alessandro Lenci<\/p>\n<p><strong>Tagging Semantic Types for Verb Argument Positions<\/strong><br \/>\nFrancesca Della Moretta, Anna Feltracco, Elisabetta Jezek and Bernardo Magnini<\/p>\n<p><strong>PARSEME-It Corpus An annotated Corpus of Verbal Multiword Expressions in Italian<\/strong><br \/>\nJohanna Monti, Maria Pia di Buono and Federico Sangati<\/p>\n<p>&nbsp;<\/p>\n<h3><strong><a class=\"wpsal-anchor\" name=\"poster_1\" id=\"poster_1\"><\/a><\/strong><\/h3>\n<h4><span style=\"color: #4691bd;\"><strong>POSTER Session I<span style=\"color: #4691bd;\">\u00a0<\/span><\/strong><strong>(Dec, 11\u00a0 \u00a0<time class=\"timeslot-start\" datetime=\"14:00\">15:00<\/time>\u00a0<span class=\"timeslot-delimiter\">&#8211;\u00a0<\/span><time class=\"timeslot-end\" datetime=\"15:00\">16:45)<\/time><\/strong><\/span><\/h4>\n<p><strong>Toward a bilingual lexical database on connectives: Exploiting a German\/Italian parallel corpus<\/strong><br \/>\nPeter Bourgonje, Yulia Grishina and Manfred Stede<\/p>\n<p><strong>Evaluating a rule based strategy to map IMAGACT and T-PAS<\/strong><br \/>\nAndrea Amelio Ravelli, Lorenzo Gregori and Anna Feltracco<\/p>\n<p><strong>Sanremo&#8217;s winner is&#8230; Category-driven Selection Strategies for Active Learning<\/strong><br \/>\nAnne-Lyse Minard, Manuela Speranza, Mohammed R. H. Qwaider and Bernardo Magnini<\/p>\n<p><strong>Automatic Evaluation of Employee Satisfaction<\/strong><br \/>\nMarco Piersanti, Giulia Brandetti and Pierluigi Failla.<\/p>\n<p><strong>Dalla Word sense disambiguation alla sintassi: il problema dell&#8217;articolo partitivo in italiano<\/strong><br \/>\nIgnazio Mauro Mirto and Emanuele Cipolla<\/p>\n<p><strong>-io Nouns through the Ages. Analysing Latin Morphological Productivity with Lemlat<\/strong><br \/>\nMarco Budassi, Eleonora Litta and Marco Passarotti<\/p>\n<p><strong>I verbi neologici nell\u2019italiano del web: comportamento sintattico e selezione dell\u2019ausiliare<\/strong><br \/>\nMatteo Amore<\/p>\n<p><strong>A Phase-based Minimalist Parsing Model capturing locality<\/strong><br \/>\nCristiano Chesi<\/p>\n<p><strong>Monitoring Adolescents&#8217; Distress using Social Web data as a Source: the InsideOut Project<\/strong><br \/>\nRoberto Basili, Valentina Bellomaria, Niels Jonas Bugge, Danilo Croce, Francesco De Michele, Federico Fiori Nastro, Paolo Fiori Nastro, Chantal Michel, Stefanie Schmidt and Frauke Schultze-Lutter<\/p>\n<p><strong>Emerging Sentiment Language Model for Emotion Detection<\/strong><br \/>\nAnastasia Giachanou, Francisco Rangel, Fabio Crestani and Paolo Rosso<\/p>\n<p><strong>Gender stereotypes in film language: a corpus-assisted analysis<\/strong><br \/>\nLucia Busso and Gianmarco Vignozzi<\/p>\n<p><strong>Towards an Italian Lexicon for Polarity Classification (polarITA): a Comparative Analysis of Lexical Resources for Sentiment Analysis<\/strong><br \/>\nDelia Iraz\u00fa Hern\u00e1ndez Far\u00edas, Irene Lagan\u00e0, Viviana Patti and Cristina Bosco<\/p>\n<p>&nbsp;<\/p>\n<h3><strong><a class=\"wpsal-anchor\" name=\"oral_2\" id=\"oral_2\"><\/a><\/strong><\/h3>\n<h4><span style=\"color: #963030;\"><strong>Technical Session II: Oral presentations<span style=\"color: #963030;\">\u00a0<\/span><\/strong><strong>(Dec, 11\u00a0 \u00a0<time class=\"timeslot-start\" datetime=\"14:00\">16:45<\/time>\u00a0<span class=\"timeslot-delimiter\">&#8211;\u00a0<\/span><time class=\"timeslot-end\" datetime=\"15:00\">17:30)<\/time><\/strong><\/span><\/h4>\n<p><strong>TWITTIRO`: a Social Media Corpus with a Multi-layered Annotation for Irony<\/strong><br \/>\nAlessandra Teresa Cignarella, Cristina Bosco and Viviana Patti<\/p>\n<p><strong>Irony Detection: from the Twittersphere to the News Space<\/strong><br \/>\nAlessandra Cervone, Evgeny Stepanov, Fabio Celli and Giuseppe Riccardi<\/p>\n<p><strong>Emo2Val: Inferring Valence Scores from fine-grained Emotion Values<\/strong><br \/>\nAlessandro Bondielli, Lucia Passaro and Alessandro Lenci<\/p>\n<p>&nbsp;<\/p>\n<h3><strong><a class=\"wpsal-anchor\" name=\"oral_3\" id=\"oral_3\"><\/a><\/strong><\/h3>\n<h4><span style=\"color: #963030;\"><strong>Technical Session III: Oral presentations\u00a0<\/strong><strong>(Dec, 12\u00a0 \u00a009<time class=\"timeslot-start\" datetime=\"14:00\">:00<\/time>\u00a0<span class=\"timeslot-delimiter\">&#8211;\u00a0<\/span><time class=\"timeslot-end\" datetime=\"15:00\">09:45)<\/time><\/strong><\/span><\/h4>\n<p><strong>Identifying Predictive Features for Textual Genre Classification: the Key Role of Syntactic Features<\/strong><br \/>\nMartijn Wieling, Felice Dell&#8217;Orletta, Simonetta Montemagni, Andrea Cimino and Giulia Venturi<\/p>\n<p><strong>AHyDA: Automatic Hypernym Detection with feature Augmentation<\/strong><br \/>\nLudovica Pannitto, Lavinia Salicchi and Alessandro Lenci<\/p>\n<p><strong>Applicazione di un metodo attribuzionistico quantitativo alla monodia liturgica medievale <\/strong><br \/>\nFrancesco Unguendoli, Marco Beghelli and Giampaolo Cristadoro<\/p>\n<p>&nbsp;<\/p>\n<h3><strong><a class=\"wpsal-anchor\" name=\"res_1\" id=\"res_1\"><\/a><\/strong><\/h3>\n<h4 class=\"p1\"><strong><span style=\"color: #800000;\">Research communications I (Dec, 12\u00a0 \u00a009:45 &#8211; 10:30)<\/span><\/strong><\/h4>\n<p><strong>Towards Quantum Language Models<\/strong><br \/>\nIvano Basile and Fabio Tamburini<\/p>\n<p><strong>A Game-Theoretic Approach to Word Sense Disambiguation<\/strong><br \/>\nRocco Tripodi and Marcello Pelillo<\/p>\n<p><strong>Deep Learning in Semantic Kernel Spaces<\/strong><br \/>\nDanilo Croce, Simone Filice, Giuseppe Castellucci and Roberto Basili<\/p>\n<p>&nbsp;<\/p>\n<h3><strong><a class=\"wpsal-anchor\" name=\"res_2\" id=\"res_2\"><\/a><\/strong><\/h3>\n<h4 class=\"p1\"><strong><span style=\"color: #800000;\">Research communications II\u00a0(Dec, 12\u00a0 \u00a011:00 &#8211; 11:30)<\/span><\/strong><\/h4>\n<p><strong>Exploring the Impact of Pragmatic Phenomena on Irony Detection in Tweets: A Multilingual Corpus Study<\/strong><br \/>\nJihen Karoui, Farah Benamara, Nathalie Aussenac-Gilles, V\u00e9ronique Moriceau, Viviana Patti and Cristina Bosco<\/p>\n<p><strong>Have You Lost the Thread? Discovering Ongoing Conversations in Scatered Dialog Blocks<\/strong><br \/>\nFabio Massimo Zanzotto and Lorenzo Ferrone<\/p>\n<p>&nbsp;<\/p>\n<h3><strong><a class=\"wpsal-anchor\" name=\"oral_4\" id=\"oral_4\"><\/a><\/strong><\/h3>\n<h4><span style=\"color: #963030;\"><strong>Technical Session IV: Oral presentations<span style=\"color: #963030;\">\u00a0<\/span><\/strong><strong>(Dec, 12\u00a0 \u00a011<time class=\"timeslot-start\" datetime=\"14:00\">:30<\/time>\u00a0<span class=\"timeslot-delimiter\">&#8211;\u00a0<\/span><time class=\"timeslot-end\" datetime=\"15:00\">12:00)<\/time><\/strong><\/span><\/h4>\n<p><strong>E pluribus unum. Representing compounding in a derivational lexicon of Latin<\/strong><br \/>\nSilvia Micheli and Eleonora Litta<\/p>\n<p><strong>A little bit of bella pianura: Detecting Code-Mixing in Historical English Travel Writing<\/strong><br \/>\nRachele Sprugnoli, Sara Tonelli, Giovanni Moretti and Stefano Menini<\/p>\n<p>&nbsp;<\/p>\n<h3><strong><a class=\"wpsal-anchor\" name=\"oral_5\" id=\"oral_5\"><\/a><\/strong><\/h3>\n<h4><span style=\"color: #963030;\"><strong>Technical Session V: Oral presentations\u00a0<\/strong><strong>(Dec, 12\u00a0 \u00a015<time class=\"timeslot-start\" datetime=\"14:00\">:30<\/time>\u00a0<span class=\"timeslot-delimiter\">&#8211;\u00a0<\/span><time class=\"timeslot-end\" datetime=\"15:00\">16:00)<\/time><\/strong><\/span><\/h4>\n<p><strong>Predicting Land Use of Italian Cities using Structural Semantic Models<\/strong><br \/>\nGianni Barlacchi, Bruno Lepri and Alessandro Moschitti<\/p>\n<p><strong>Predicting Controversial News Using Facebook Reactions<\/strong><br \/>\nAngelo Basile, Tommaso Caselli and Malvina Nissim<\/p>\n<p>&nbsp;<\/p>\n<h3><strong><a class=\"wpsal-anchor\" name=\"poster_2\" id=\"poster_2\"><\/a><\/strong><\/h3>\n<h4><strong><span style=\"color: #4691bd;\">POSTER Session II\u00a0<\/span><\/strong><span style=\"color: #4691bd;\"><strong>(Dec, 12\u00a0 \u00a016<time class=\"timeslot-start\" datetime=\"14:00\">:00<\/time>\u00a0<span class=\"timeslot-delimiter\">&#8211;\u00a0<\/span><time class=\"timeslot-end\" datetime=\"15:00\">17:45)<\/time><\/strong><\/span><\/h4>\n<p><strong>Contrast-Ita Bank: A corpus for Italian Annotated with Discourse Contrast Relations<\/strong><br \/>\nAnna Feltracco, Bernardo Magnini and Elisabetta Jezek<\/p>\n<p><strong>Analysis of Italian Word Embeddings<\/strong><br \/>\nRocco Tripodi and Stefano Li Pira<\/p>\n<p><strong>PARAD-it: Eliciting Italian Paradigmatic Relations with Crowdsourcing<\/strong><br \/>\nIrene Sucameli and Alessandro Lenci<\/p>\n<p><strong>Stem and fragment priming on verbal forms of Italian<\/strong><br \/>\nAlessandro Laudanna and Giulia Bracco<\/p>\n<p><strong>Metadata annotation for dramatic texts<\/strong><br \/>\nVincenzo Lombardo, Rossana Damiano and Antonio Pizzo<\/p>\n<p><strong>PoS Taggers in the Wild: A Case Study with Swiss Italian Student Essays<\/strong><br \/>\nDaniele Puccinelli, Silvia Demartini, Aris Piatti, Sara Giulivi, Luca Cignetti and Simone Fornara<\/p>\n<p><strong>Variabili rilevanti nella rappresentazione delle parole nel lessico mentale: dati psicolinguistici da una banca-dati di nomi e verbi Italiani<\/strong><br \/>\nMaria De Martino, Azzurra Mancuso and Alessandro Laudanna<\/p>\n<p><strong>A Reproducible Approach with R Markdown to Automatic Classification of Medical Certificates in French<\/strong><br \/>\nGiorgio Maria Di Nunzio, Federica Beghini, Federica Vezzani and Genevi\u00e8ve Henrot<\/p>\n<p><strong>Neural Sentiment Analysis for a Real-World Application<\/strong><br \/>\nDaniele Bonadiman, Giuseppe Castellucci, Andrea Favalli, Raniero Romagnoli and Alessandro Moschitti<\/p>\n<p><strong>MODAL: A multilingual corpus annotated for modality<\/strong><br \/>\nMalvina Nissim and Paola Pietrandrea<\/p>\n<p><strong>Ironic gestures and tones in Twitter<\/strong><br \/>\nSimona Frenda<\/p>\n<p><strong>Developing a large scale FrameNet for Italian: the IFrameNet experience<\/strong><br \/>\nSilvia Brambilla, Danilo Croce, Fabio Tamburini and Roberto Basili<\/p>\n<p>&nbsp;<\/p>\n<h3><strong><a class=\"wpsal-anchor\" name=\"oral_6\" id=\"oral_6\"><\/a><\/strong><\/h3>\n<h4><span style=\"color: #963030;\"><strong>Technical Session VI: Oral presentations\u00a0<\/strong><strong>(Dec, 12\u00a0 \u00a017<time class=\"timeslot-start\" datetime=\"14:00\">:45<\/time>\u00a0<span class=\"timeslot-delimiter\">&#8211;\u00a0<\/span><time class=\"timeslot-end\" datetime=\"15:00\">18:30)<\/time><\/strong><\/span><\/h4>\n<p><strong>Multilingual Neural Machine Translation for Low Resource Languages<\/strong><br \/>\nSurafel Melaku Lakew, Mattia Antonino Di Gangi and Marcello Federico<\/p>\n<p><strong>How &#8220;deep&#8221; is learning word inflection?<\/strong><br \/>\nFranco Alberto Cardillo, Marcello Ferro, Claudia Marzi and Vito Pirrelli<\/p>\n<p><strong>Can Monolingual Embeddings Improve Neural Machine Translation?<\/strong><br \/>\nMattia Antonino Di Gangi and Marcello Federico<\/p>\n<p>&nbsp;<\/p>\n<h3><strong><a class=\"wpsal-anchor\" name=\"oral_7\" id=\"oral_7\"><\/a><\/strong><\/h3>\n<h4><span style=\"color: #963030;\"><strong>Technical Session VII: Oral presentations\u00a0<\/strong><strong>(Dec, 13\u00a0 \u00a010<time class=\"timeslot-start\" datetime=\"14:00\">:00<\/time>\u00a0<span class=\"timeslot-delimiter\">&#8211;\u00a0<\/span><time class=\"timeslot-end\" datetime=\"15:00\">10:30)<\/time><\/strong><\/span><\/h4>\n<p><strong>Bi-directional LSTM-CNNs-CRF for Italian Sequence Labeling<\/strong><br \/>\nPierpaolo Basile, Giovanni Semeraro and Pierluigi Cassotti<\/p>\n<p><strong>Deep Learning for Automatic Image Captioning in poor Training Conditions<\/strong><br \/>\nCaterina Masotti, Danilo Croce and Roberto Basili<\/p>\n<p>&nbsp;<\/p>\n<h3><strong><a class=\"wpsal-anchor\" name=\"poster_3\" id=\"poster_3\"><\/a><\/strong><\/h3>\n<h4><strong><span style=\"color: #4691bd;\">POSTER Session III\u00a0<\/span><\/strong><span style=\"color: #4691bd;\"><strong>(Dec, 13\u00a0 \u00a010<time class=\"timeslot-start\" datetime=\"14:00\">:30<\/time>\u00a0<span class=\"timeslot-delimiter\">&#8211;\u00a0<\/span><time class=\"timeslot-end\" datetime=\"15:00\">12:15)<\/time><\/strong><\/span><\/h4>\n<p><strong>Toward a Treebank Collecting German Aesthetic Writings of the Late 18th Century<\/strong><br \/>\nAlessio Salomoni<\/p>\n<p><strong>Tree LSTMs for Learning Sentence Representations<\/strong><br \/>\nH\u00e9ctor Cerezo Costas, Manuela I. Mart\u00edn-Vicente and Francisco J. Gonzalez-Castano.<\/p>\n<p><strong>Find Problems before They Find You with AnnotatorPro&#8217;s Monitoring Functionalities<\/strong><br \/>\nMohammed R. H. Qwaider, Anne-Lyse Minard, Manuela Speranza and Bernardo Magnini<\/p>\n<p><strong>Domain-specific Named Entity Disambiguation in Historical Memoirs<\/strong><br \/>\nMarco Rovera, Federico Nanni, Simone Paolo Ponzetto and Anna Goy<\/p>\n<p><strong>Stylometry in Computer-Assisted Translation: Experiments on the Babylonian Talmud<\/strong><br \/>\nEmiliano Giovannetti, Davide Albanesi, Andrea Bellandi, David Dattilo and Felice Dell&#8217;Orletta<\/p>\n<p><strong>Linguistic Features and Newsworthiness: an Analysis of News style<\/strong><br \/>\nMaria Pia Di Buono and Jan Snajder<\/p>\n<p><strong>Dealing with Italian Adjectives in Noun Phrase for Natural Language Generation<\/strong><br \/>\nGiorgia Conte, Cristina Bosco and Alessandro Mazzei<\/p>\n<p><strong>Enhancing Machine Translation of Academic Course Catalogues with Terminological Resources<\/strong><br \/>\nRandy Scansani and Marcello Federico<\/p>\n<p><strong>Commercial Applications through Community Question Answering Technology<\/strong><br \/>\nAntonio Uva, Valerio Storch, Casimiro Carrino, Ugo Di Iorio and Alessandro Moschitti<\/p>\n<p><strong>Mining Offensive Language on Social Media<\/strong><br \/>\nSerena Pelosi, Alessandro Maisto, Pierluigi Vitale and Simonetta Vietri<\/p>\n<p><strong>Hate Speech Annotation: Analysis of an Italian Twitter Corpus<\/strong><br \/>\nFabio Poletto, Marco Stranisci, Manuela Sanguinetti, Viviana Patti and Cristina Bosco<\/p>\n<p><strong>Gimme the Usual &#8211; How Handling of Pragmatics Improves Chatbots<\/strong><br \/>\nAlessia Bianchini, Francesco Tarasconi, Raffaella Ventaglio and Mariafrancesca Guadalupi<\/p>\n<p><strong>Distributed Processes for Spoken Questions and Commands Understanding<\/strong><br \/>\nDario Di Mauro, Antonio Origlia and Francesco Cutugno<\/p>\n<p>&nbsp;<\/p>\n<h3><strong><a class=\"wpsal-anchor\" name=\"oral_8\" id=\"oral_8\"><\/a><\/strong><\/h3>\n<h4><span style=\"color: #963030;\"><strong>Technical Session VIII: Oral presentations\u00a0<\/strong><strong>(Dec, 13\u00a0 \u00a012<time class=\"timeslot-start\" datetime=\"14:00\">:15<\/time>\u00a0<span class=\"timeslot-delimiter\">&#8211;\u00a0<\/span><time class=\"timeslot-end\" datetime=\"15:00\">12:45)<\/time><\/strong><\/span><\/h4>\n<p><strong>CorAIt \u2013 A Non-native Speech Database for Italian<\/strong><br \/>\nClaudia Roberta Combei<\/p>\n<p><strong>INFORMed PA: A NER for the Italian Public Administration Domain<\/strong><br \/>\nLucia Passaro, Alessandro Lenci and Anna Gabbolini<\/p>\n","protected":false},"excerpt":{"rendered":"<p>Technical Session I: Oral presentations (Dec, 11\u00a0 \u00a014:00\u00a0&#8211;\u00a015:00) The impact of phrases on Italian lexical simplification Sara Tonelli, Alessio Palmero Aprosio and Marco Mazzon Deep-learning the Ropes: Modeling Idiomaticity with Neural Networks Yuri Bizzoni, Marco S.G. Senaldi and Alessandro Lenci Tagging Semantic Types for Verb Argument Positions Francesca Della Moretta, Anna Feltracco, Elisabetta Jezek and <a href=\"http:\/\/sag.art.uniroma2.it\/clic2017\/en\/conference-program\/detailed-program\/\" rel=\"nofollow\"><span class=\"sr-only\">Leggi di pi\u00f9Detailed Program<\/span>[&hellip;]<\/a><\/p>\n","protected":false},"author":1,"featured_media":0,"parent":206,"menu_order":0,"comment_status":"closed","ping_status":"closed","template":"","meta":[],"_links":{"self":[{"href":"http:\/\/sag.art.uniroma2.it\/clic2017\/wp-json\/wp\/v2\/pages\/883"}],"collection":[{"href":"http:\/\/sag.art.uniroma2.it\/clic2017\/wp-json\/wp\/v2\/pages"}],"about":[{"href":"http:\/\/sag.art.uniroma2.it\/clic2017\/wp-json\/wp\/v2\/types\/page"}],"author":[{"embeddable":true,"href":"http:\/\/sag.art.uniroma2.it\/clic2017\/wp-json\/wp\/v2\/users\/1"}],"replies":[{"embeddable":true,"href":"http:\/\/sag.art.uniroma2.it\/clic2017\/wp-json\/wp\/v2\/comments?post=883"}],"version-history":[{"count":10,"href":"http:\/\/sag.art.uniroma2.it\/clic2017\/wp-json\/wp\/v2\/pages\/883\/revisions"}],"predecessor-version":[{"id":1052,"href":"http:\/\/sag.art.uniroma2.it\/clic2017\/wp-json\/wp\/v2\/pages\/883\/revisions\/1052"}],"up":[{"embeddable":true,"href":"http:\/\/sag.art.uniroma2.it\/clic2017\/wp-json\/wp\/v2\/pages\/206"}],"wp:attachment":[{"href":"http:\/\/sag.art.uniroma2.it\/clic2017\/wp-json\/wp\/v2\/media?parent=883"}],"curies":[{"name":"wp","href":"https:\/\/api.w.org\/{rel}","templated":true}]}}