{"id":360,"date":"2017-03-30T13:20:29","date_gmt":"2017-03-30T11:20:29","guid":{"rendered":"http:\/\/sag.art.uniroma2.it\/clic2017\/?page_id=360"},"modified":"2017-12-06T16:24:55","modified_gmt":"2017-12-06T15:24:55","slug":"registrazione","status":"publish","type":"page","link":"http:\/\/sag.art.uniroma2.it\/clic2017\/it\/registrazione\/","title":{"rendered":"Registrazione"},"content":{"rendered":"<p>CLiC-it \u00e8 organizzata dalla <a href=\"http:\/\/www.ai-lc.it\/\">Associazione Italiana per la Linguistica computazionale<\/a> (AILC) ed \u00e8 il suo principale evento sociale. Pertanto, per sostenere la comunit\u00e0, i partecipanti sono invitati a diventare membri dell&#8217;AILC prima di registrarsi alla conferenza. E&#8217; possibile trovare\u00a0le quote associative a questo <a href=\"http:\/\/www.ai-lc.it\/en\/memberships\/\">link<\/a>, mentre le quote di iscrizione sono elencate di seguito. Entrambi i pagamenti sono gestiti dallo stesso sistema, evitando spese supplementari.<\/p>\n<p><strong><span style=\"color: #800000;\">IMPORTANTE<\/span>: a causa dell&#8217;elevato numero di iscrizioni, siamo spiacenti di informarvi che la cena sociale \u00e8 attualmente SOLD OUT e non \u00e8 pi\u00f9 possibile effettuare ulteriori prenotazioni. Si prega di contattare il Registration Desk da luned\u00ec per confermare la vostra partecipazione alla cena o per chiedere eventuali posti disponibili <em>last minute<\/em>!<\/strong><\/p>\n<p>Fare clic <a href=\"http:\/\/www.ai-lc.it\/en\/registration-procedure\">QUI<\/a> per registrarsi alla conferenza.<\/p>\n<h4>Conference Fees (*)<\/h4>\n\n<table id=\"tablepress-1\" class=\"tablepress tablepress-id-1\">\n<thead>\n<tr class=\"row-1 odd\">\n\t<th class=\"column-1\">Types of conference registrations<\/th><th class=\"column-2\">Fee<\/th>\n<\/tr>\n<\/thead>\n<tbody class=\"row-hover\">\n<tr class=\"row-2 even\">\n\t<td class=\"column-1\">Regular (early registration, closes Nov. 20)<\/td><td class=\"column-2\">150,00 \u20ac<\/td>\n<\/tr>\n<tr class=\"row-3 odd\">\n\t<td class=\"column-1\">Student (early registration,\u00a0closes Nov. 20)<\/td><td class=\"column-2\"> 80,00 \u20ac<\/td>\n<\/tr>\n<tr class=\"row-4 even\">\n\t<td class=\"column-1\"><\/td><td class=\"column-2\"><\/td>\n<\/tr>\n<tr class=\"row-5 odd\">\n\t<td class=\"column-1\">Regular (late registration,\u00a0after Nov. 20)<\/td><td class=\"column-2\">180,00 \u20ac<\/td>\n<\/tr>\n<tr class=\"row-6 even\">\n\t<td class=\"column-1\">Student\u00a0(late registration,\u00a0after Nov. 20)<\/td><td class=\"column-2\">100,00 \u20ac<\/td>\n<\/tr>\n<tr class=\"row-7 odd\">\n\t<td class=\"column-1\"><\/td><td class=\"column-2\"><\/td>\n<\/tr>\n<tr class=\"row-8 even\">\n\t<td class=\"column-1\">Regular (on site)<\/td><td class=\"column-2\">200,00 \u20ac<\/td>\n<\/tr>\n<tr class=\"row-9 odd\">\n\t<td class=\"column-1\">Student (on site)<\/td><td class=\"column-2\">120,00 \u20ac<\/td>\n<\/tr>\n<\/tbody>\n<\/table>\n<!-- #tablepress-1 from cache -->\n\n<table id=\"tablepress-2\" class=\"tablepress tablepress-id-2\">\n<thead>\n<tr class=\"row-1 odd\">\n\t<th class=\"column-1\">TUTORIAL<\/th><th class=\"column-2\">Industrial<\/th><th class=\"column-3\">Academic<\/th><th class=\"column-4\">Student<\/th>\n<\/tr>\n<\/thead>\n<tbody class=\"row-hover\">\n<tr class=\"row-2 even\">\n\t<td class=\"column-1\">Tutorial Monday<\/td><td class=\"column-2\">30,00 \u20ac<\/td><td class=\"column-3\">20,00 \u20ac<\/td><td class=\"column-4\">free<\/td>\n<\/tr>\n<tr class=\"row-3 odd\">\n\t<td class=\"column-1\">Tutorial Wednseday<\/td><td class=\"column-2\">30,00 \u20ac<\/td><td class=\"column-3\">20,00 \u20ac<\/td><td class=\"column-4\">free<\/td>\n<\/tr>\n<tr class=\"row-4 even\">\n\t<td class=\"column-1\">Both Tutorials<\/td><td class=\"column-2\">50,00 \u20ac<\/td><td class=\"column-3\">40,00 \u20ac<\/td><td class=\"column-4\">free<\/td>\n<\/tr>\n<\/tbody>\n<\/table>\n<!-- #tablepress-2 from cache -->\n\n<table id=\"tablepress-3\" class=\"tablepress tablepress-id-3\">\n<thead>\n<tr class=\"row-1 odd\">\n\t<th class=\"column-1\">Extra Social Dinner Tickets<\/th><th class=\"column-2\">40,00 \u20ac<\/th>\n<\/tr>\n<\/thead>\n<tbody class=\"row-hover\">\n<tr class=\"row-2 even\">\n\t<td class=\"column-1\"><\/td><td class=\"column-2\"><\/td>\n<\/tr>\n<\/tbody>\n<\/table>\n<!-- #tablepress-3 from cache -->\n<p>* La registrazione supplementare ad AILC rimane obbligatoria. Per tutti i partecipanti, la quota di iscrizione include anche la cena sociale.<\/p>\n","protected":false},"excerpt":{"rendered":"<p>CLiC-it \u00e8 organizzata dalla Associazione Italiana per la Linguistica computazionale (AILC) ed \u00e8 il suo principale evento sociale. Pertanto, per sostenere la comunit\u00e0, i partecipanti sono invitati a diventare membri dell&#8217;AILC prima di registrarsi alla conferenza. E&#8217; possibile trovare\u00a0le quote associative a questo link, mentre le quote di iscrizione sono elencate di seguito. Entrambi i <a href=\"http:\/\/sag.art.uniroma2.it\/clic2017\/it\/registrazione\/\" rel=\"nofollow\"><span class=\"sr-only\">Leggi di pi\u00f9Registrazione<\/span>[&hellip;]<\/a><\/p>\n","protected":false},"author":2,"featured_media":0,"parent":0,"menu_order":0,"comment_status":"closed","ping_status":"closed","template":"","meta":[],"_links":{"self":[{"href":"http:\/\/sag.art.uniroma2.it\/clic2017\/wp-json\/wp\/v2\/pages\/360"}],"collection":[{"href":"http:\/\/sag.art.uniroma2.it\/clic2017\/wp-json\/wp\/v2\/pages"}],"about":[{"href":"http:\/\/sag.art.uniroma2.it\/clic2017\/wp-json\/wp\/v2\/types\/page"}],"author":[{"embeddable":true,"href":"http:\/\/sag.art.uniroma2.it\/clic2017\/wp-json\/wp\/v2\/users\/2"}],"replies":[{"embeddable":true,"href":"http:\/\/sag.art.uniroma2.it\/clic2017\/wp-json\/wp\/v2\/comments?post=360"}],"version-history":[{"count":8,"href":"http:\/\/sag.art.uniroma2.it\/clic2017\/wp-json\/wp\/v2\/pages\/360\/revisions"}],"predecessor-version":[{"id":1061,"href":"http:\/\/sag.art.uniroma2.it\/clic2017\/wp-json\/wp\/v2\/pages\/360\/revisions\/1061"}],"wp:attachment":[{"href":"http:\/\/sag.art.uniroma2.it\/clic2017\/wp-json\/wp\/v2\/media?parent=360"}],"curies":[{"name":"wp","href":"https:\/\/api.w.org\/{rel}","templated":true}]}}