{"id":266,"date":"2017-03-22T19:55:15","date_gmt":"2017-03-22T18:55:15","guid":{"rendered":"http:\/\/sag.art.uniroma2.it\/clic2017\/?page_id=266"},"modified":"2017-10-11T11:06:24","modified_gmt":"2017-10-11T09:06:24","slug":"sede-della-conferenza","status":"publish","type":"page","link":"http:\/\/sag.art.uniroma2.it\/clic2017\/it\/sede-della-conferenza\/","title":{"rendered":"Sede della Conferenza"},"content":{"rendered":"<p>La Quarta edizione della Conferenza Italiana di Linguistica Computazionale (CLiC-it 2017) si terr\u00e0 a Roma presso la\u00a0<a href=\"https:\/\/www.cnr.it\/it\/sede-centrale\" target=\"_blank\" rel=\"noopener\">sede centrale<\/a> del\u00a0<a href=\"https:\/\/www.cnr.it\/\" target=\"_blank\" rel=\"noopener\">CNR<\/a> (Consiglio Nazionale delle Ricerche), in Piazzale Aldo Moro, 7 (mappa sottostante).<\/p>\n<p style=\"text-align: center;\"><iframe src=\"https:\/\/www.google.com\/maps\/d\/u\/0\/embed?mid=1f6J1W_-EWLjtfPaQaNYahCbIN2A\" width=\"100%\" height=\"480\"><\/iframe><\/p>\n<p>La location della conferenza si trova nel centro della citt\u00e0, vicino alla citt\u00e0 universitaria della Sapienza. Questa posizione permette di raggiungere la venue con diverse soluzioni. Le stazioni pi\u00f9 vicine sono:<\/p>\n<ul>\n<li>Da <strong>Policlinico\u00a0<\/strong><img loading=\"lazy\" class=\"alignnone wp-image-677\" src=\"http:\/\/sag.art.uniroma2.it\/clic2017\/wp-content\/uploads\/2017\/10\/web_hi_res_512-300x300.png\" alt=\"\" width=\"20\" height=\"20\" srcset=\"http:\/\/sag.art.uniroma2.it\/clic2017\/wp-content\/uploads\/2017\/10\/web_hi_res_512-300x300.png 300w, http:\/\/sag.art.uniroma2.it\/clic2017\/wp-content\/uploads\/2017\/10\/web_hi_res_512-150x150.png 150w, http:\/\/sag.art.uniroma2.it\/clic2017\/wp-content\/uploads\/2017\/10\/web_hi_res_512-500x500.png 500w, http:\/\/sag.art.uniroma2.it\/clic2017\/wp-content\/uploads\/2017\/10\/web_hi_res_512-250x250.png 250w, http:\/\/sag.art.uniroma2.it\/clic2017\/wp-content\/uploads\/2017\/10\/web_hi_res_512.png 512w, http:\/\/sag.art.uniroma2.it\/clic2017\/wp-content\/uploads\/2017\/10\/web_hi_res_512-174x174.png 174w\" sizes=\"(max-width: 20px) 100vw, 20px\" \/>\u00a0alla sede di\u00a0<strong>CLiC-it<img loading=\"lazy\" class=\"alignnone wp-image-698\" src=\"http:\/\/sag.art.uniroma2.it\/clic2017\/wp-content\/uploads\/2017\/03\/web_hi_res_512-300x300.png\" alt=\"\" width=\"20\" height=\"20\" srcset=\"http:\/\/sag.art.uniroma2.it\/clic2017\/wp-content\/uploads\/2017\/03\/web_hi_res_512-300x300.png 300w, http:\/\/sag.art.uniroma2.it\/clic2017\/wp-content\/uploads\/2017\/03\/web_hi_res_512-150x150.png 150w, http:\/\/sag.art.uniroma2.it\/clic2017\/wp-content\/uploads\/2017\/03\/web_hi_res_512-500x500.png 500w, http:\/\/sag.art.uniroma2.it\/clic2017\/wp-content\/uploads\/2017\/03\/web_hi_res_512-250x250.png 250w, http:\/\/sag.art.uniroma2.it\/clic2017\/wp-content\/uploads\/2017\/03\/web_hi_res_512.png 512w, http:\/\/sag.art.uniroma2.it\/clic2017\/wp-content\/uploads\/2017\/03\/web_hi_res_512-174x174.png 174w\" sizes=\"(max-width: 20px) 100vw, 20px\" \/><\/strong>: 1.1 km (0.7 mi)<\/li>\n<li>Da <strong>Stazione<\/strong>\u00a0<strong>Termini<\/strong>\u00a0<img loading=\"lazy\" class=\"alignnone wp-image-679\" src=\"http:\/\/sag.art.uniroma2.it\/clic2017\/wp-content\/uploads\/2017\/10\/web_hi_res_512-2-300x300.png\" alt=\"\" width=\"20\" height=\"20\" srcset=\"http:\/\/sag.art.uniroma2.it\/clic2017\/wp-content\/uploads\/2017\/10\/web_hi_res_512-2-300x300.png 300w, http:\/\/sag.art.uniroma2.it\/clic2017\/wp-content\/uploads\/2017\/10\/web_hi_res_512-2-150x150.png 150w, http:\/\/sag.art.uniroma2.it\/clic2017\/wp-content\/uploads\/2017\/10\/web_hi_res_512-2-500x500.png 500w, http:\/\/sag.art.uniroma2.it\/clic2017\/wp-content\/uploads\/2017\/10\/web_hi_res_512-2-250x250.png 250w, http:\/\/sag.art.uniroma2.it\/clic2017\/wp-content\/uploads\/2017\/10\/web_hi_res_512-2.png 512w, http:\/\/sag.art.uniroma2.it\/clic2017\/wp-content\/uploads\/2017\/10\/web_hi_res_512-2-174x174.png 174w\" sizes=\"(max-width: 20px) 100vw, 20px\" \/>\u00a0alla sede di <strong>CLiC-it<\/strong> <img loading=\"lazy\" class=\"alignnone wp-image-698\" src=\"http:\/\/sag.art.uniroma2.it\/clic2017\/wp-content\/uploads\/2017\/03\/web_hi_res_512-300x300.png\" alt=\"\" width=\"20\" height=\"20\" srcset=\"http:\/\/sag.art.uniroma2.it\/clic2017\/wp-content\/uploads\/2017\/03\/web_hi_res_512-300x300.png 300w, http:\/\/sag.art.uniroma2.it\/clic2017\/wp-content\/uploads\/2017\/03\/web_hi_res_512-150x150.png 150w, http:\/\/sag.art.uniroma2.it\/clic2017\/wp-content\/uploads\/2017\/03\/web_hi_res_512-500x500.png 500w, http:\/\/sag.art.uniroma2.it\/clic2017\/wp-content\/uploads\/2017\/03\/web_hi_res_512-250x250.png 250w, http:\/\/sag.art.uniroma2.it\/clic2017\/wp-content\/uploads\/2017\/03\/web_hi_res_512.png 512w, http:\/\/sag.art.uniroma2.it\/clic2017\/wp-content\/uploads\/2017\/03\/web_hi_res_512-174x174.png 174w\" sizes=\"(max-width: 20px) 100vw, 20px\" \/>: 1.3 km (0.8 mi)<\/li>\n<li>Da\u00a0<strong>Stazione<\/strong>\u00a0<strong>Tiburtina<\/strong>\u00a0<img loading=\"lazy\" class=\"alignnone wp-image-680\" src=\"http:\/\/sag.art.uniroma2.it\/clic2017\/wp-content\/uploads\/2017\/10\/web_hi_res_512-3-300x300.png\" alt=\"\" width=\"20\" height=\"20\" srcset=\"http:\/\/sag.art.uniroma2.it\/clic2017\/wp-content\/uploads\/2017\/10\/web_hi_res_512-3-300x300.png 300w, http:\/\/sag.art.uniroma2.it\/clic2017\/wp-content\/uploads\/2017\/10\/web_hi_res_512-3-150x150.png 150w, http:\/\/sag.art.uniroma2.it\/clic2017\/wp-content\/uploads\/2017\/10\/web_hi_res_512-3-500x500.png 500w, http:\/\/sag.art.uniroma2.it\/clic2017\/wp-content\/uploads\/2017\/10\/web_hi_res_512-3-250x250.png 250w, http:\/\/sag.art.uniroma2.it\/clic2017\/wp-content\/uploads\/2017\/10\/web_hi_res_512-3.png 512w, http:\/\/sag.art.uniroma2.it\/clic2017\/wp-content\/uploads\/2017\/10\/web_hi_res_512-3-174x174.png 174w\" sizes=\"(max-width: 20px) 100vw, 20px\" \/>\u00a0alla sede di\u00a0<strong>CLiC-it<\/strong> <img loading=\"lazy\" class=\"alignnone wp-image-698\" src=\"http:\/\/sag.art.uniroma2.it\/clic2017\/wp-content\/uploads\/2017\/03\/web_hi_res_512-300x300.png\" alt=\"\" width=\"20\" height=\"20\" srcset=\"http:\/\/sag.art.uniroma2.it\/clic2017\/wp-content\/uploads\/2017\/03\/web_hi_res_512-300x300.png 300w, http:\/\/sag.art.uniroma2.it\/clic2017\/wp-content\/uploads\/2017\/03\/web_hi_res_512-150x150.png 150w, http:\/\/sag.art.uniroma2.it\/clic2017\/wp-content\/uploads\/2017\/03\/web_hi_res_512-500x500.png 500w, http:\/\/sag.art.uniroma2.it\/clic2017\/wp-content\/uploads\/2017\/03\/web_hi_res_512-250x250.png 250w, http:\/\/sag.art.uniroma2.it\/clic2017\/wp-content\/uploads\/2017\/03\/web_hi_res_512.png 512w, http:\/\/sag.art.uniroma2.it\/clic2017\/wp-content\/uploads\/2017\/03\/web_hi_res_512-174x174.png 174w\" sizes=\"(max-width: 20px) 100vw, 20px\" \/>: 2.2 km (1.3 mi)<\/li>\n<\/ul>\n<p>Ulteriori informazioni su come raggiungere la sede della conferenza sono disponibili a questo <a href=\"https:\/\/www.cnr.it\/it\/come-raggiungere-sede-centrale\" target=\"_blank\" rel=\"noopener\">link<\/a>.<\/p>\n<p><!--Inoltre, l'intera area circostante \u00e8 coperta dai seguenti servizi di\u00a0<em>car sharing<\/em>:\n\n\n<ul>\n \t\n\n<li><a href=\"https:\/\/enjoy.eni.com\/it\">Enjoy<\/a><\/li>\n\n\n \t\n\n<li><a href=\"https:\/\/www.car2go.com\/IT\/it\/\">car2go<\/a><\/li>\n\n\n \t\n\n<li><a href=\"http:\/\/site.sharengo.it\/\">Share'n Go<\/a><\/li>\n\n\n<\/ul>\n\n\n--><\/p>\n<hr \/>\n<h3>CNR<\/h3>\n<p>Il Consiglio Nazionale delle Ricerche (CNR) \u00e8 la pi\u00f9 grande struttura pubblica di ricerca in Italia. Fondata nel 1923, ha operato in passato come consulente di Governo in materia di ricerca e come fondo di finanziamento per i grants della ricerca universitaria.<\/p>\n<script type=\"text\/javascript\">\r\ndocument.addEventListener(\"DOMContentLoaded\", function(event) { \r\n\tjQuery( '#slider-pro-3-608' ).sliderPro({\r\n\t\t\/\/width\r\n\t\t\t\twidth: 1000,\r\n\t\t\t\t\r\n\t\t\/\/height\r\n\t\t\t\theight: 500,\r\n\t\t\t\t\r\n\t\t\/\/autoplay\r\n\t\t\t\tautoplay:  true,\r\n\t\tautoplayOnHover: 'none',\r\n\t\t\t\t\t\t\t\tautoplayDelay: 5000,\r\n\t\t\r\n\t\t\r\n\t\tarrows: true,\r\n\t\tbuttons: true,\r\n\t\tsmallSize: 500,\r\n\t\tmediumSize: 1000,\r\n\t\tlargeSize: 3000,\r\n\t\tfade: true,\r\n\t\t\r\n\t\t\/\/thumbnail\r\n\t\tthumbnailArrows: true,\r\n\t\tthumbnailWidth: 120,\r\n\t\tthumbnailHeight: 120,\r\n\t\t\t\t\t\tthumbnailsPosition: 'bottom',\r\n\t\t\t\t\t\tcenterImage: true,\r\n\t\timageScaleMode: 'cover',\r\n\t\tallowScaleUp: true,\r\n\t\t\t\tstartSlide: 0,\r\n\t\tloop: true,\r\n\t\tslideDistance: 5,\r\n\t\tautoplayDirection: 'normal',\r\n\t\ttouchSwipe: true,\r\n\t\tfullScreen: true,\r\n\t});\r\n});\r\n<\/script>\r\n<style>\r\n\/* Layout 3 *\/\r\n\/* border *\/\r\n#slider-pro-3-608 .sp-selected-thumbnail {\r\n\tborder: 4px solid #000000;\r\n}\r\n\r\n\/* font + color *\/\r\n.title-in  {\r\n\tfont-family: Arial !important;\r\n\tcolor: #FFFFFF !important;\r\n\tbackground-color: #000000 !important;\r\n\topacity: 0.7 !important;\r\n}\r\n.desc-in  {\r\n\tfont-family: Arial !important;\r\n\tcolor: #FFFFFF !important;\r\n\tbackground-color: #00000 !important;\r\n\topacity: 0.7 !important;\r\n}\r\n\r\n\/* bullets color *\/\r\n.sp-button  {\r\n\tborder: 2px solid #000000 !important;\r\n}\r\n.sp-selected-button  {\r\n\tbackground-color: #000000 !important;\r\n}\r\n\r\n\/* pointer color - bottom *\/\r\n.sp-selected-thumbnail::before {\r\n\tborder-bottom: 5px solid #000000 !important;\r\n}\r\n.sp-selected-thumbnail::after {\r\n\tborder-bottom: 13px solid #000000 !important;\r\n}\r\n\r\n\/* pointer color - top *\/\r\n\r\n\/* full screen icon *\/\r\n.sp-full-screen-button::before {\r\n    color: #FFFFFF !important;\r\n}\r\n\r\n\/* hover navigation icon color *\/\r\n.sp-next-arrow::after, .sp-next-arrow::before {\r\n\tbackground-color: #FFFFFF !important;\r\n}\r\n.sp-previous-arrow::after, .sp-previous-arrow::before {\r\n\tbackground-color: #FFFFFF !important;\r\n}\r\n\r\n#slider-pro-3-608 .title-in {\r\n\tcolor: #FFFFFF !important;\r\n\tfont-weight: bolder;\r\n\ttext-align: center;\r\n}\r\n\r\n#slider-pro-3-608 .title-in-bg {\r\n\tbackground: rgba(255, 255, 255, 0.7); !important;\r\n\twhite-space: unset !important;\r\n\tmax-width: 90%;\r\n\tmin-width: 40%;\r\n\ttransform: initial !important;\r\n\t-webkit-transform: initial !important;\r\n\tfont-size: 14px !important;\r\n}\r\n\r\n#slider-pro-3-608 .desc-in {\r\n\tcolor: #FFFFFF !important;\r\n\ttext-align: center;\r\n}\r\n#slider-pro-3-608 .desc-in-bg {\r\n\tbackground: rgba(#00000, 0.7) !important;\r\n\twhite-space: unset !important;\r\n\twidth: 80% !important;\r\n\tmin-width: 30%;\r\n\ttransform: initial !important;\r\n\t-webkit-transform: initial !important;\r\n\tfont-size: 13px !important;\r\n}\r\n\r\n@media (max-width: 640px) {\r\n\t#slider-pro-3-608 .hide-small-screen {\r\n\t\tdisplay: none;\r\n\t}\r\n}\r\n\r\n@media (max-width: 860px) {\r\n\t#slider-pro-3-608 .sp-layer {\r\n\t\tfont-size: 18px;\r\n\t}\r\n\t\r\n\t#slider-pro-3-608 .hide-medium-screen {\r\n\t\tdisplay: none;\r\n\t}\r\n}\r\n.slides-not-found {\r\n\tbackground-color: #a92929;\r\n\tborder-radius: 5px;\r\n\tcolor: #fff;\r\n\tfont-family: initial;\r\n\ttext-align: center;\r\n\tpadding:12px;\r\n}\r\n\/* Custom CSS *\/\r\n<\/style>\r\n<h3 class=\"uris-slider-post-title\">CNR<\/h3>\r\n\t\t<div id=\"slider-pro-3-608\" class=\"slider-pro\">\r\n\t\t\t<!---- slides div start ---->\r\n\t\t\t<div class=\"sp-slides\">\r\n\t\t\t\t\t\t\t<\/div>\r\n\t\t\t\r\n\t\t\t<!---- slides div end ---->\r\n\t\t\t\t\t\t<!-- slides thumbnails div start -->\r\n\t\t\t<div class=\"sp-thumbnails\">\r\n\t\t\t\t\t\t\t<\/div>\r\n\t\t\t\t\t\t<!-- slides thumbnails div end -->\r\n\t\t<\/div>\r\n\n<p>Dal 1989 il CNR \u00e8 un Ente di ricerca, con la missione di realizzare progetti di ricerca, promuovere l\u02bcinnovazione e la competitivit\u00e0 del sistema industriale nazionale, l\u02bcinternazionalizzazione del sistema di ricerca nazionale, e di fornire tecnologie e soluzioni ai bisogni emergenti nel settore pubblico e privato.<\/p>\n","protected":false},"excerpt":{"rendered":"<p>La Quarta edizione della Conferenza Italiana di Linguistica Computazionale (CLiC-it 2017) si terr\u00e0 a Roma presso la\u00a0sede centrale del\u00a0CNR (Consiglio Nazionale delle Ricerche), in Piazzale Aldo Moro, 7 (mappa sottostante). La location della conferenza si trova nel centro della citt\u00e0, vicino alla citt\u00e0 universitaria della Sapienza. Questa posizione permette di raggiungere la venue con diverse <a href=\"http:\/\/sag.art.uniroma2.it\/clic2017\/?ris_gallery=cnr\" rel=\"nofollow\"><span class=\"sr-only\">Leggi di pi\u00f9CNR<\/span>[&hellip;]<\/a><\/p>\n","protected":false},"author":2,"featured_media":0,"parent":0,"menu_order":0,"comment_status":"closed","ping_status":"closed","template":"","meta":[],"_links":{"self":[{"href":"http:\/\/sag.art.uniroma2.it\/clic2017\/wp-json\/wp\/v2\/pages\/266"}],"collection":[{"href":"http:\/\/sag.art.uniroma2.it\/clic2017\/wp-json\/wp\/v2\/pages"}],"about":[{"href":"http:\/\/sag.art.uniroma2.it\/clic2017\/wp-json\/wp\/v2\/types\/page"}],"author":[{"embeddable":true,"href":"http:\/\/sag.art.uniroma2.it\/clic2017\/wp-json\/wp\/v2\/users\/2"}],"replies":[{"embeddable":true,"href":"http:\/\/sag.art.uniroma2.it\/clic2017\/wp-json\/wp\/v2\/comments?post=266"}],"version-history":[{"count":4,"href":"http:\/\/sag.art.uniroma2.it\/clic2017\/wp-json\/wp\/v2\/pages\/266\/revisions"}],"predecessor-version":[{"id":701,"href":"http:\/\/sag.art.uniroma2.it\/clic2017\/wp-json\/wp\/v2\/pages\/266\/revisions\/701"}],"wp:attachment":[{"href":"http:\/\/sag.art.uniroma2.it\/clic2017\/wp-json\/wp\/v2\/media?parent=266"}],"curies":[{"name":"wp","href":"https:\/\/api.w.org\/{rel}","templated":true}]}}