{"id":260,"date":"2017-03-22T19:53:30","date_gmt":"2017-03-22T18:53:30","guid":{"rendered":"http:\/\/sag.art.uniroma2.it\/clic2017\/?page_id=260"},"modified":"2017-10-16T15:50:16","modified_gmt":"2017-10-16T13:50:16","slug":"contacts","status":"publish","type":"page","link":"http:\/\/sag.art.uniroma2.it\/clic2017\/en\/contacts\/","title":{"rendered":"Contacts"},"content":{"rendered":"<p>For any questions or needs, please refer to our\u00a0Local Organizing Committee<\/p>\n<p><a href=\"mailto:croce@infor.uniroma2.it\">Danilo Croce <\/a>(Universit\u00e0 di Roma, Tor Vergata)<br \/>\n<a href=\"mailto:g.castellucci@almawave.it\">Giuseppe Castellucci<\/a> (Almawave)<br \/>\n<a href=\"mailto:vanzo@dis.uniroma1.it\">Andrea Vanzo<\/a> (Sapienza Universit\u00e0 di Roma)<br \/>\n<a href=\"mailto:filice.simone@gmail.com\">Simone Filice<\/a> (Universit\u00e0 di Roma, Tor Vergata)<\/p>\n","protected":false},"excerpt":{"rendered":"<p>For any questions or needs, please refer to our\u00a0Local Organizing Committee Danilo Croce (Universit\u00e0 di Roma, Tor Vergata) Giuseppe Castellucci (Almawave) Andrea Vanzo (Sapienza Universit\u00e0 di Roma) Simone Filice (Universit\u00e0 di Roma, Tor Vergata)<\/p>\n","protected":false},"author":2,"featured_media":0,"parent":0,"menu_order":0,"comment_status":"closed","ping_status":"closed","template":"","meta":[],"_links":{"self":[{"href":"http:\/\/sag.art.uniroma2.it\/clic2017\/wp-json\/wp\/v2\/pages\/260"}],"collection":[{"href":"http:\/\/sag.art.uniroma2.it\/clic2017\/wp-json\/wp\/v2\/pages"}],"about":[{"href":"http:\/\/sag.art.uniroma2.it\/clic2017\/wp-json\/wp\/v2\/types\/page"}],"author":[{"embeddable":true,"href":"http:\/\/sag.art.uniroma2.it\/clic2017\/wp-json\/wp\/v2\/users\/2"}],"replies":[{"embeddable":true,"href":"http:\/\/sag.art.uniroma2.it\/clic2017\/wp-json\/wp\/v2\/comments?post=260"}],"version-history":[{"count":6,"href":"http:\/\/sag.art.uniroma2.it\/clic2017\/wp-json\/wp\/v2\/pages\/260\/revisions"}],"predecessor-version":[{"id":890,"href":"http:\/\/sag.art.uniroma2.it\/clic2017\/wp-json\/wp\/v2\/pages\/260\/revisions\/890"}],"wp:attachment":[{"href":"http:\/\/sag.art.uniroma2.it\/clic2017\/wp-json\/wp\/v2\/media?parent=260"}],"curies":[{"name":"wp","href":"https:\/\/api.w.org\/{rel}","templated":true}]}}