{"id":190,"date":"2017-03-22T19:30:56","date_gmt":"2017-03-22T18:30:56","guid":{"rendered":"http:\/\/sag.art.uniroma2.it\/clic2017\/?page_id=190"},"modified":"2017-05-10T16:30:28","modified_gmt":"2017-05-10T14:30:28","slug":"migliore-tesi-di-laurea","status":"publish","type":"page","link":"http:\/\/sag.art.uniroma2.it\/clic2017\/it\/migliore-tesi-di-laurea\/","title":{"rendered":"Premio AILC per la migliore tesi di Laurea Magistrale"},"content":{"rendered":"<p>Per promuovere e individuare eccellenze nel campo della ricerca della Linguistica Computazionale, come novit\u00e0 a CLiC-it 2017 verr\u00e0 introdotto il premio per la migliore tesi di Laurea Magistrale in linguistica computazionale discussa in una universit\u00e0 italiana. Il premio \u00e8 promosso e sponsorizzato da AILC e consiste in 500 euro, l&#8217;iscrizione gratuita a AILC per un anno, e l\u2019iscrizione a CLiC-it 2017, dove l&#8217;autore avr\u00e0 anche la possibilit\u00e0 di presentare la tesi.<\/p>\n<p><span style=\"font-weight: 400;\">La tesi deve essere stata presentata e discussa in una universit\u00e0 italiana entro i tempi specificati sotto. L&#8217;elaborato deve trattare un argomento nel campo della linguistica computazionale o delle sue applicazioni, e pu\u00f2 essere scritto in italiano o in inglese. Le aree della linguistica computazionale coinvolte sono quelle elencate nella <\/span><a href=\"http:\/\/sag.art.uniroma2.it\/clic2017\/it\/cfp1\/\"><i><span style=\"font-weight: 400;\">call for papers<\/span><\/i><\/a> <span style=\"font-weight: 400;\">di CLiC-it.<\/span><\/p>\n<p><span style=\"font-weight: 400;\">I lavori verranno valutati da una giuria composta da tre membri: un membro del comitato organizzatore del convegno CLiC-it dell\u2019anno precedente, un membro del comitato organizzatore del convegno CLiC-it dell\u2019anno in corso (questo membro si impegna a servire nella giuria per due anni, cos\u00ec da garantire continuit\u00e0) e un membro del Direttivo di AILC. La giuria decider\u00e0 in accordo a quale candidato sar\u00e0 assegnato il premio. La giuria pu\u00f2 anche decidere di non assegnare il premio o di assegnarlo ad un massimo di due candidati. In quest&#8217;ultimo caso il premio in denaro sar\u00e0 diviso.<\/span><\/p>\n<p>Si prega di notare che l&#8217;arco temporale per il 2017 \u00e8 pi\u00f9 ampio perch\u00e9 il premio \u00e8 alla sua prima edizione. Per il 2018, le tesi dovranno essere state discusse nel periodo compreso tra il 1 Agosto 2017 e il 31 Luglio 2018. Sar\u00e0 inoltre adottato il modello temporale del 2018 per gli anni successivi.<\/p>\n<p>Regolamento per il 2017:<\/p>\n<ul>\n<li style=\"font-weight: 400;\"><span style=\"font-weight: 400;\">La giuria per il 2017 \u00e8 formata da: Anna Corazza (membro del comitato organizzatore di CLiC-it 2016), Malvina Nissim (membro del comitato organizzatore di CLiC-it 2017), e Felice Dell&#8217;Orletta (membro del Direttivo di AILC).<\/span><\/li>\n<li style=\"font-weight: 400;\"><span style=\"font-weight: 400;\">La tesi deve essere stata discussa tra il 1\u00b0 gennaio 2016 e 31 Luglio 2017.<\/span><\/li>\n<li style=\"font-weight: 400;\"><span style=\"font-weight: 400;\">Il relatore della tesi deve inviare l&#8217;elaborato entro il 15 Settembre 2017 allegando una lettera di motivazione di una pagina indicando il motivo per cui la tesi merita il premio.<\/span><\/li>\n<li style=\"font-weight: 400;\"><span style=\"font-weight: 400;\">La tesi (in pdf) e la lettera (in pdf) devono essere caricati entro il termine tramite Easychair (<\/span><a href=\"https:\/\/easychair.org\/conferences\/?conf=clicit2017\"><span style=\"font-weight: 400;\">https:\/\/easychair.org\/conferences\/?conf=clicit2017<\/span><\/a><span style=\"font-weight: 400;\">), selezionando \u201cAILC Master Thesis Prize\u201d come track.<\/span><\/li>\n<li style=\"font-weight: 400;\"><span style=\"font-weight: 400;\">La giuria valuter\u00e0 le tesi presentate e fornir\u00e0 una decisione motivata entro il 15 novembre.<\/span><\/li>\n<li style=\"font-weight: 400;\"><span style=\"font-weight: 400;\">Il premio sar\u00e0 assegnato da un membro della giuria durante CLiC-it 2017.<\/span><\/li>\n<li style=\"font-weight: 400;\"><span style=\"font-weight: 400;\">La tesi deve essere disponibile on-line, e verr\u00e0 presentata nel corso di CLiC-it 2017 dall&#8217;autore.<\/span><\/li>\n<\/ul>\n","protected":false},"excerpt":{"rendered":"<p>Per promuovere e individuare eccellenze nel campo della ricerca della Linguistica Computazionale, come novit\u00e0 a CLiC-it 2017 verr\u00e0 introdotto il premio per la migliore tesi di Laurea Magistrale in linguistica computazionale discussa in una universit\u00e0 italiana. Il premio \u00e8 promosso e sponsorizzato da AILC e consiste in 500 euro, l&#8217;iscrizione gratuita a AILC per un <a href=\"http:\/\/sag.art.uniroma2.it\/clic2017\/it\/migliore-tesi-di-laurea\/\" rel=\"nofollow\"><span class=\"sr-only\">Leggi di pi\u00f9Premio AILC per la migliore tesi di Laurea Magistrale<\/span>[&hellip;]<\/a><\/p>\n","protected":false},"author":2,"featured_media":0,"parent":0,"menu_order":0,"comment_status":"closed","ping_status":"closed","template":"","meta":[],"_links":{"self":[{"href":"http:\/\/sag.art.uniroma2.it\/clic2017\/wp-json\/wp\/v2\/pages\/190"}],"collection":[{"href":"http:\/\/sag.art.uniroma2.it\/clic2017\/wp-json\/wp\/v2\/pages"}],"about":[{"href":"http:\/\/sag.art.uniroma2.it\/clic2017\/wp-json\/wp\/v2\/types\/page"}],"author":[{"embeddable":true,"href":"http:\/\/sag.art.uniroma2.it\/clic2017\/wp-json\/wp\/v2\/users\/2"}],"replies":[{"embeddable":true,"href":"http:\/\/sag.art.uniroma2.it\/clic2017\/wp-json\/wp\/v2\/comments?post=190"}],"version-history":[{"count":7,"href":"http:\/\/sag.art.uniroma2.it\/clic2017\/wp-json\/wp\/v2\/pages\/190\/revisions"}],"predecessor-version":[{"id":433,"href":"http:\/\/sag.art.uniroma2.it\/clic2017\/wp-json\/wp\/v2\/pages\/190\/revisions\/433"}],"wp:attachment":[{"href":"http:\/\/sag.art.uniroma2.it\/clic2017\/wp-json\/wp\/v2\/media?parent=190"}],"curies":[{"name":"wp","href":"https:\/\/api.w.org\/{rel}","templated":true}]}}