{"id":10,"date":"2018-03-19T09:15:51","date_gmt":"2018-03-19T09:15:51","guid":{"rendered":"http:\/\/sag.art.uniroma2.it\/absita\/?page_id=10"},"modified":"2018-03-26T15:56:21","modified_gmt":"2018-03-26T15:56:21","slug":"contact","status":"publish","type":"page","link":"http:\/\/sag.art.uniroma2.it\/absita\/contact\/","title":{"rendered":"Contact"},"content":{"rendered":"<h3 id=\"organizers\">Organizers<\/h3>\n<ul>\n<li>Pierpaolo Basile, Dipartimento di Informatica, Universit\u00e0 degli Studi di Bari Aldo Moro<\/li>\n<li>Valerio Basile, Dipartimento di Informatica, Universit\u00e0 degli Studi di Torino<\/li>\n<li>Danilo Croce, Dipartimento di Ingegneria dell&#8217;Impresa, Universit\u00e0 degli Studi di Roma &#8220;Tor Vergata&#8221;<\/li>\n<li>Marco Polignano, Dipartimento di Informatica, Universit\u00e0 degli Studi di Bari Aldo Moro<\/li>\n<\/ul>\n<p>If you have any questions, please contact us:\u00a0<a href=\"mailto:absita.evalita@gmail.com\">absita.evalita@gmail.com<\/a>.<\/p>\n","protected":false},"excerpt":{"rendered":"<p>Organizers Pierpaolo Basile, Dipartimento di Informatica, Universit\u00e0 degli Studi di Bari Aldo Moro Valerio Basile, Dipartimento di Informatica, Universit\u00e0 degli Studi di Torino Danilo Croce, Dipartimento di Ingegneria dell&#8217;Impresa, Universit\u00e0 degli Studi di Roma &#8220;Tor Vergata&#8221; Marco Polignano, Dipartimento di Informatica, Universit\u00e0 degli Studi di Bari Aldo Moro If you have any questions, please contact &hellip; <a href=\"http:\/\/sag.art.uniroma2.it\/absita\/contact\/\" class=\"more-link\">Continue reading <span class=\"screen-reader-text\">Contact<\/span><\/a><\/p>\n","protected":false},"author":1,"featured_media":0,"parent":0,"menu_order":0,"comment_status":"closed","ping_status":"closed","template":"","meta":[],"_links":{"self":[{"href":"http:\/\/sag.art.uniroma2.it\/absita\/wp-json\/wp\/v2\/pages\/10"}],"collection":[{"href":"http:\/\/sag.art.uniroma2.it\/absita\/wp-json\/wp\/v2\/pages"}],"about":[{"href":"http:\/\/sag.art.uniroma2.it\/absita\/wp-json\/wp\/v2\/types\/page"}],"author":[{"embeddable":true,"href":"http:\/\/sag.art.uniroma2.it\/absita\/wp-json\/wp\/v2\/users\/1"}],"replies":[{"embeddable":true,"href":"http:\/\/sag.art.uniroma2.it\/absita\/wp-json\/wp\/v2\/comments?post=10"}],"version-history":[{"count":6,"href":"http:\/\/sag.art.uniroma2.it\/absita\/wp-json\/wp\/v2\/pages\/10\/revisions"}],"predecessor-version":[{"id":70,"href":"http:\/\/sag.art.uniroma2.it\/absita\/wp-json\/wp\/v2\/pages\/10\/revisions\/70"}],"wp:attachment":[{"href":"http:\/\/sag.art.uniroma2.it\/absita\/wp-json\/wp\/v2\/media?parent=10"}],"curies":[{"name":"wp","href":"https:\/\/api.w.org\/{rel}","templated":true}]}}